{"id":942,"date":"2021-07-21T14:35:47","date_gmt":"2021-07-21T12:35:47","guid":{"rendered":"https:\/\/www.acquadimontevecchia.com\/cookie-policy\/"},"modified":"2021-07-21T14:35:47","modified_gmt":"2021-07-21T12:35:47","slug":"cookie-policy","status":"publish","type":"page","link":"https:\/\/www.acquadimontevecchia.com\/en\/cookie-policy\/","title":{"rendered":"Cookie policy"},"content":{"rendered":"<p><strong>Che cos\u2019\u00e8 un cookie?<\/strong><\/p>\n<p><span style=\"font-weight: 400;\">Un cookie \u00e8 un file di piccole dimensioni che viene inviato al browser in uso e salvato sul tuo dispositivo quando visiti un sito internet come di seguito, anche solo (\u201cSito\u201d).<\/span><\/p>\n<p><span style=\"font-weight: 400;\">I cookie permettono un funzionamento efficiente del sito e ne migliorano le prestazioni, inoltre forniscono informazioni al proprietario del Sito per fini statistici, principalmente per personalizzare la tua esperienza di navigazione.<\/span><\/p>\n<p>&nbsp;<\/p>\n<p><span style=\"font-weight: 400;\">Il Sito consultato invia le suddette informazioni al browser che crea il cookie, archiviandolo nelle proprie directory. Durante la navigazione, i cookie che riguardano il sito che si sta navigando, vengono rinviati al server, che utilizza il valore del cookie per vari scopi, quali a titolo esemplificativo: agevolare la consultazione del sito e migliorare l\u2019esperienza di navigazione; veicolare messaggi pubblicitari; acquisire informazioni statistiche relative alla navigazione degli utenti, etc.<\/span><\/p>\n<p>&nbsp;<\/p>\n<p><strong>Tipologie di cookie utilizzati<\/strong><\/p>\n<p>&nbsp;<\/p>\n<p><em><strong>Cookie tecnici<\/strong><\/em><\/p>\n<p><span style=\"font-weight: 400;\">I cookie tecnici possono essere suddivisi in cookie di navigazione o di sessione, che garantiscono la normale navigazione e fruizione del Sito (permettendo, ad esempio, di coordinare i moduli che compongono le pagine del Sito o correlare le pagine visitate alla medesima sessione di lavoro) e cookie analytics, assimilabili ai cookie tecnici soltanto se utilizzati a fini di ottimizzazione del Sito direttamente dal gestore del Sito stesso (c.d. cookie analitici di prima parte) che potr\u00e0 raccogliere informazioni in forma aggregata sul numero degli utenti e su come questi visitano il Sito (ad esempio, per realizzare statistiche delle pagine pi\u00f9 visitate, per raccogliere i dati aggregati delle visite per sistema operativo, per browser, etc.).<\/span><\/p>\n<p>&nbsp;<\/p>\n<p><span style=\"font-weight: 400;\">L\u2019uso dei cookie di sessione \u00e8 strettamente limitato alla trasmissione di identificativi di sessione (costituiti da numeri casuali generati dal server) e di dati di utilizzo del software necessari per consentire l\u2019esplorazione sicura ed efficiente del sito: le variabili (c.d. cookie) di sessione possono evitare il ricorso a tecniche informatiche potenzialmente pregiudizievoli per la riservatezza della navigazione degli utenti e non consentono l\u2019acquisizione di dati personali identificativi dell\u2019utente. I cookie di sessione non vengono memorizzati in modo persistente sul dispositivo dell\u2019utente, ma vengono registrati localmente per periodi di tempo stabiliti in funzione delle variabili di sessione (i cui valori memorizzati sul disco fisso del dispositivo possono comunque essere cancellati; \u00e8 inoltre possibile disabilitare i cookie seguendo le indicazioni fornite dai principali browser).<\/span><\/p>\n<p><span style=\"font-weight: 400;\">Non viene fatto uso di cookie per la profilazione degli utenti, n\u00e9 vengono impiegati altri metodi di tracciamento.<\/span><\/p>\n<p><span style=\"font-weight: 400;\">Analisi dei dati tramite Google Analytics<\/span><\/p>\n<p><span style=\"font-weight: 400;\">Il Sito utilizza lo strumento Google Analytics. Si tratta di uno strumento di analisi di Google che attraverso l\u2019uso di cookie (performance cookie), raccoglie dati di navigazione anonimi allo scopo di esaminare l\u2019uso del Sito da parte degli utenti, compilare report sulle attivit\u00e0 nel Sito e fornire altre informazioni, compreso il numero dei visitatori e le pagine visitate.<\/span><\/p>\n<p><span style=\"font-weight: 400;\">Il Sito non utilizza (e non consente a terzi di utilizzare) lo strumento di analisi di Google per monitorare o per raccogliere informazioni personali di identificazione. Google non associa l\u2019indirizzo IP a nessun altro dato posseduto da Google n\u00e9 cerca di collegare un indirizzo IP con l\u2019identit\u00e0 di un utente. Google pu\u00f2 anche comunicare queste informazioni a terzi ove ci\u00f2 sia imposto dalla legge o laddove tali terzi trattino le suddette informazioni per conto di Google.<\/span><span style=\"font-weight: 400;\">Per avere maggiori informazioni sulle modalit\u00e0 di utilizzo e sulla gestione dei cookie associati a Google Analytics \u00e8 possibile consultare la policy sui cookie di Google al seguente link: <\/span><span style=\"font-weight: 400;\"><a href=\"https:\/\/policies.google.com\/technologies\/cookies?hl=it&amp;gl=it\" target=\"_blank\" rel=\"noopener\"><strong>https:\/\/policies.google.com\/technologies\/cookies?hl=it&amp;gl=it<\/strong><\/a>.<\/span><\/p>\n<p>&nbsp;<\/p>\n<p><em><strong> Cookie di terza parte<\/strong><\/em><\/p>\n<p><span style=\"font-weight: 400;\">I cookie di terza parte vengono impostati da un sito web diverso da quello che l\u2019utente sta visitando e risiedono su server diversi da quello del sito visitato. Pertanto, l\u2019utilizzo dei dati raccolti da questi operatori esterni tramite cookie \u00e8 sottoposto alle rispettive politiche sulla privacy. L\u2019uso dei cookie di terza parte \u00e8 limitato a quanto necessario per la navigazione sicura ed efficiente del Sito e non comporta l\u2019acquisizione diretta da parte del Titolare del trattamento di dati personali identificativi dell\u2019utente.<\/span><\/p>\n<p><span style=\"font-weight: 400;\">Sul Sito infatti sono presenti cookie installati da Google, da facebook, doubleclick, bing, consentcdn.cookiebot.<\/span><\/p>\n<p><span style=\"font-weight: 400;\">Nel corso della navigazione sul Sito l\u2019utente pu\u00f2 ricevere sul suo dispositivo anche cookie che vengono inviati per interagire direttamente con le piattaforme social.<\/span><\/p>\n<p><span style=\"font-weight: 400;\">Il Sito, in particolare, incorpora pulsanti e widget di Facebook, e Instagram. Questi servizi permettono di effettuare interazioni con i social network, o con altre piattaforme esterne, direttamente dalle pagine del Sito.<\/span><\/p>\n<p><span style=\"font-weight: 400;\">Le interazioni e le informazioni acquisite tramite questi strumenti sono, in ogni caso, soggette alle impostazioni privacy dell\u2019utente relative ad ogni social network, e accessibili esclusivamente ai gestori delle stesse piattaforme.<\/span><\/p>\n<p><span style=\"font-weight: 400;\">Per maggiori informazioni sulle modalit\u00e0 di trattamento dei dati raccolti dai social network, si rimanda alle privacy policy dei fornitori dei medesimi servizi.<\/span><\/p>\n<p>&nbsp;<\/p>\n<p><em><strong>Facebook, Instagram, Google Maps<\/strong><\/em><\/p>\n<p><span style=\"font-weight: 400;\">Alcune pagine del sito incorporano al loro interno le mappe di Google Maps. Quando visiti una pagina contenente le mappe di Google Maps, o interagisci con la mappa (attraverso la funzione zoom, o cliccando sulla stessa per ingrandirla) potrebbero essere richiamati cookie provenienti da Google.<\/span><\/p>\n<p><span style=\"font-weight: 400;\">Per maggiori informazioni sulla raccolta dei dati tramite i servizi di Google si rinvia alla privacy policy <strong><a href=\"https:\/\/policies.google.com\/privacy?hl=it\" target=\"_blank\" rel=\"noopener\">https:\/\/policies.google.com\/privacy?hl=it<\/a>.<\/strong><\/span><\/p>\n<p><span style=\"font-weight: 400;\">L\u2019utilizzo del servizio Google Maps \u00e8 soggetto, inoltre, ai relativi Termini di servizio aggiuntivi <a href=\"https:\/\/privacy.google.com\/businesses\/mapscontrollerterms\/\" target=\"_blank\" rel=\"noopener\"><strong>https:\/\/privacy.google.com\/businesses\/mapscontrollerterms\/<\/strong><\/a>.<\/span><\/p>\n<p><span style=\"font-weight: 400;\">AdWords Remarketing (Google Inc.)<\/span><\/p>\n<p><span style=\"font-weight: 400;\">AdWords Remarketing \u00e8 un servizio di remarketing e behavioral targeting fornito da Google Inc. che collega l\u2019attivit\u00e0 del sito www. acquadimontevecchia.com con il network di advertising Adwords ed il Cookie Doubleclick.<\/span><\/p>\n<p><span style=\"font-weight: 400;\">Dati Personali raccolti: Cookie e Dati di Utilizzo<\/span><\/p>\n<p><span style=\"font-weight: 400;\">Luogo del trattamento: USA<\/span><\/p>\n<p><span style=\"font-weight: 400;\">Privacy Policy \u2013 Opt Out<\/span><\/p>\n<p>&nbsp;<\/p>\n<p><em><strong>Come posso disabilitare i cookie?<\/strong><\/em><\/p>\n<p><span style=\"font-weight: 400;\">La maggior parte dei browser \u00e8 configurata per accettare, controllare o eventualmente disabilitare i cookie attraverso le impostazioni. Si ricorda, per\u00f2, che la disabilitazione, anche parziale, dei cookie tecnici potrebbe compromettere il funzionamento del Sito e\/o limitarne le funzionalit\u00e0. <\/span><span style=\"font-weight: 400;\">La disabilitazione dei cookie di terza parte, invece, non pregiudica in alcun modo la navigabilit\u00e0. <\/span><span style=\"font-weight: 400;\">Si indicano, di seguito, i link alle istruzioni fornite dai principali browser di navigazione per la gestione delle impostazioni sull\u2019installazione dei cookie:<\/span><\/p>\n<ul>\n<li><span style=\"font-weight: 400;\">Chrome: <a href=\"https:\/\/support.google.com\/chrome\/answer\/95647?hl=it\" target=\"_blank\" rel=\"noopener\">https:\/\/support.google.com\/chrome\/answer\/95647?hl=it<\/a><\/span><\/li>\n<li><span style=\"font-weight: 400;\">Firefox: <a href=\"https:\/\/support.mozilla.org\/it\/kb\/Gestione%20dei%20cookie\" target=\"_blank\" rel=\"noopener\">https:\/\/support.mozilla.org\/it\/kb\/Gestione%20dei%20cookie<\/a><\/span><\/li>\n<li><span style=\"font-weight: 400;\">Internet Explorer: <a href=\"https:\/\/support.microsoft.com\/en-us\/help\/17442\/windows-internet-explorer-delete-manage-cookies\" target=\"_blank\" rel=\"noopener\">https:\/\/support.microsoft.com\/en-us\/help\/17442\/windows-internet-explorer-delete-manage-cookies<\/a><\/span><\/li>\n<li><span style=\"font-weight: 400;\">Opera: <a href=\"http:\/\/help.opera.com\/Windows\/10.00\/it\/cookies.html\" target=\"_blank\" rel=\"noopener\">http:\/\/help.opera.com\/Windows\/10.00\/it\/cookies.html<\/a><\/span><\/li>\n<li><span style=\"font-weight: 400;\">Safari: <a href=\"http:\/\/support.apple.com\/kb\/HT1677?viewlocale=it_IT\" target=\"_blank\" rel=\"noopener\">http:\/\/support.apple.com\/kb\/HT1677?viewlocale=it_IT<\/a><\/span><\/li>\n<\/ul>\n<p><span style=\"font-weight: 400;\">Per maggiori informazioni sui cookie e per gestire le tue preferenze ti invitiamo anche a visitare <a href=\"http:\/\/www.youronlinechoices.com\/it\/\" target=\"_blank\" rel=\"noopener\">http:\/\/www.youronlinechoices.com\/it\/<\/a>.<\/span><\/p>\n<p><span style=\"font-weight: 400;\">Per ricevere assistenza o spiegazioni su come esercitare il consenso\/diniego selettivo o su come cancellare i cookie dal proprio browser, l\u2019utente scrivendo all\u2019indirizzo e-mail <\/span><strong>amministrazione@acquadimontevecchia.com<\/strong><span style=\"font-weight: 400;\"> pu\u00f2 esercitare i Suoi diritti ex artt. 15 \u2013 22 GDPR o effettuare reclami\/segnalazioni circa il funzionamento dei cookies.<\/span><\/p>\n<p>&nbsp;<\/p>\n<p><em><strong>Privacy e Cookie Policy aggiornate a aprile 2021<\/strong><\/em><\/p>\n<p><span style=\"font-weight: 400;\">Questo sito web utilizza i cookie.<\/span><\/p>\n<p><span style=\"font-weight: 400;\">Utilizziamo i cookie per personalizzare contenuti ed annunci, per fornire funzionalit\u00e0 dei social media e per analizzare il nostro traffico. Condividiamo inoltre informazioni sul modo in cui utilizza il nostro sito con i nostri partner che si occupano di analisi dei dati web, pubblicit\u00e0 e social media, i quali potrebbero combinarle con altre informazioni che ha fornito loro o che hanno raccolto dal suo utilizzo dei loro servizi.<\/span><\/p>\n<p><span style=\"font-weight: 400;\">Leggi la nostra Privacy Policy e la Cookie Policy<\/span><\/p>\n<p><span style=\"font-weight: 400;\">I cookie sono piccoli file di testo che possono essere utilizzati dai siti web per rendere pi\u00f9 efficiente l&#8217;esperienza per l&#8217;utente.<\/span><\/p>\n<p><span style=\"font-weight: 400;\">La legge afferma che possiamo memorizzare i cookie sul suo dispositivo se sono strettamente necessari per il funzionamento di questo sito. Per tutti gli altri tipi di cookie abbiamo bisogno del suo permesso.<\/span><\/p>\n<p><span style=\"font-weight: 400;\">Questo sito utilizza diversi tipi di cookie. Alcuni cookie sono collocate da servizi di terzi che compaiono sulle nostre pagine.<\/span><\/p>\n<p><span style=\"font-weight: 400;\">In qualsiasi momento \u00e8 possibile modificare o revocare il proprio consenso dalla Dichiarazione dei cookie sul nostro sito Web.<\/span><\/p>\n<p><span style=\"font-weight: 400;\">Scopra di pi\u00f9 su chi siamo, come pu\u00f2 contattarci e come trattiamo i dati personali nella nostra Informativa sulla privacy.<\/span><\/p>\n<p><span style=\"font-weight: 400;\">Specifica l\u2019ID del tuo consenso e la data di quando ci hai contattati per quanto riguarda il tuo consenso.<\/span><\/p>\n<p><span style=\"font-weight: 400;\">Il suo consenso si applica ai seguenti siti web: <strong>www.acquadimontevecchia.com<\/strong><\/span><\/p>\n<p>&nbsp;<\/p>\n<p><script id=\"CookieDeclaration\" src=\"https:\/\/consent.cookiebot.com\/30748422-f9c1-4ad0-833d-ec9fa8a280e3\/cd.js\" type=\"text\/javascript\" async=\"\"><\/script><\/p>\n","protected":false},"excerpt":{"rendered":"<p>Che cos\u2019\u00e8 un cookie? Un cookie \u00e8 un file di piccole dimensioni che viene inviato al browser in uso e salvato sul tuo dispositivo quando visiti un sito internet come&#8230;<\/p>\n","protected":false},"author":1,"featured_media":0,"parent":0,"menu_order":0,"comment_status":"closed","ping_status":"closed","template":"","meta":{"footnotes":""},"yoast_head":"<!-- This site is optimized with the Yoast SEO plugin v21.5 - https:\/\/yoast.com\/wordpress\/plugins\/seo\/ -->\n<title>Cookie policy - Acqua di Montevecchia<\/title>\n<meta name=\"robots\" content=\"index, follow, max-snippet:-1, max-image-preview:large, max-video-preview:-1\" \/>\n<link rel=\"canonical\" href=\"https:\/\/www.acquadimontevecchia.com\/en\/cookie-policy\/\" \/>\n<meta property=\"og:locale\" content=\"en_US\" \/>\n<meta property=\"og:type\" content=\"article\" \/>\n<meta property=\"og:title\" content=\"Cookie policy - Acqua di Montevecchia\" \/>\n<meta property=\"og:description\" content=\"Che cos\u2019\u00e8 un cookie? Un cookie \u00e8 un file di piccole dimensioni che viene inviato al browser in uso e salvato sul tuo dispositivo quando visiti un sito internet come...\" \/>\n<meta property=\"og:url\" content=\"https:\/\/www.acquadimontevecchia.com\/en\/cookie-policy\/\" \/>\n<meta property=\"og:site_name\" content=\"Acqua di Montevecchia\" \/>\n<meta name=\"twitter:card\" content=\"summary_large_image\" \/>\n<meta name=\"twitter:label1\" content=\"Est. reading time\" \/>\n\t<meta name=\"twitter:data1\" content=\"7 minutes\" \/>\n<script type=\"application\/ld+json\" class=\"yoast-schema-graph\">{\"@context\":\"https:\/\/schema.org\",\"@graph\":[{\"@type\":\"WebPage\",\"@id\":\"https:\/\/www.acquadimontevecchia.com\/en\/cookie-policy\/\",\"url\":\"https:\/\/www.acquadimontevecchia.com\/en\/cookie-policy\/\",\"name\":\"Cookie policy - Acqua di Montevecchia\",\"isPartOf\":{\"@id\":\"https:\/\/www.acquadimontevecchia.com\/en\/#website\"},\"datePublished\":\"2021-07-21T12:35:47+00:00\",\"dateModified\":\"2021-07-21T12:35:47+00:00\",\"breadcrumb\":{\"@id\":\"https:\/\/www.acquadimontevecchia.com\/en\/cookie-policy\/#breadcrumb\"},\"inLanguage\":\"en-US\",\"potentialAction\":[{\"@type\":\"ReadAction\",\"target\":[\"https:\/\/www.acquadimontevecchia.com\/en\/cookie-policy\/\"]}]},{\"@type\":\"BreadcrumbList\",\"@id\":\"https:\/\/www.acquadimontevecchia.com\/en\/cookie-policy\/#breadcrumb\",\"itemListElement\":[{\"@type\":\"ListItem\",\"position\":1,\"name\":\"Home\",\"item\":\"https:\/\/www.acquadimontevecchia.com\/en\/\"},{\"@type\":\"ListItem\",\"position\":2,\"name\":\"Cookie policy\"}]},{\"@type\":\"WebSite\",\"@id\":\"https:\/\/www.acquadimontevecchia.com\/en\/#website\",\"url\":\"https:\/\/www.acquadimontevecchia.com\/en\/\",\"name\":\"Acqua di Montevecchia\",\"description\":\"La nostra storia raccontata dai nostri prodotti per te\",\"publisher\":{\"@id\":\"https:\/\/www.acquadimontevecchia.com\/en\/#organization\"},\"potentialAction\":[{\"@type\":\"SearchAction\",\"target\":{\"@type\":\"EntryPoint\",\"urlTemplate\":\"https:\/\/www.acquadimontevecchia.com\/en\/?s={search_term_string}\"},\"query-input\":\"required name=search_term_string\"}],\"inLanguage\":\"en-US\"},{\"@type\":\"Organization\",\"@id\":\"https:\/\/www.acquadimontevecchia.com\/en\/#organization\",\"name\":\"Trasforma S.r.L\",\"url\":\"https:\/\/www.acquadimontevecchia.com\/en\/\",\"logo\":{\"@type\":\"ImageObject\",\"inLanguage\":\"en-US\",\"@id\":\"https:\/\/www.acquadimontevecchia.com\/en\/#\/schema\/logo\/image\/\",\"url\":\"https:\/\/www.acquadimontevecchia.com\/media\/logo_ADM_X2.png\",\"contentUrl\":\"https:\/\/www.acquadimontevecchia.com\/media\/logo_ADM_X2.png\",\"width\":272,\"height\":112,\"caption\":\"Trasforma S.r.L\"},\"image\":{\"@id\":\"https:\/\/www.acquadimontevecchia.com\/en\/#\/schema\/logo\/image\/\"}}]}<\/script>\n<!-- \/ Yoast SEO plugin. -->","yoast_head_json":{"title":"Cookie policy - Acqua di Montevecchia","robots":{"index":"index","follow":"follow","max-snippet":"max-snippet:-1","max-image-preview":"max-image-preview:large","max-video-preview":"max-video-preview:-1"},"canonical":"https:\/\/www.acquadimontevecchia.com\/en\/cookie-policy\/","og_locale":"en_US","og_type":"article","og_title":"Cookie policy - Acqua di Montevecchia","og_description":"Che cos\u2019\u00e8 un cookie? Un cookie \u00e8 un file di piccole dimensioni che viene inviato al browser in uso e salvato sul tuo dispositivo quando visiti un sito internet come...","og_url":"https:\/\/www.acquadimontevecchia.com\/en\/cookie-policy\/","og_site_name":"Acqua di Montevecchia","twitter_card":"summary_large_image","twitter_misc":{"Est. reading time":"7 minutes"},"schema":{"@context":"https:\/\/schema.org","@graph":[{"@type":"WebPage","@id":"https:\/\/www.acquadimontevecchia.com\/en\/cookie-policy\/","url":"https:\/\/www.acquadimontevecchia.com\/en\/cookie-policy\/","name":"Cookie policy - Acqua di Montevecchia","isPartOf":{"@id":"https:\/\/www.acquadimontevecchia.com\/en\/#website"},"datePublished":"2021-07-21T12:35:47+00:00","dateModified":"2021-07-21T12:35:47+00:00","breadcrumb":{"@id":"https:\/\/www.acquadimontevecchia.com\/en\/cookie-policy\/#breadcrumb"},"inLanguage":"en-US","potentialAction":[{"@type":"ReadAction","target":["https:\/\/www.acquadimontevecchia.com\/en\/cookie-policy\/"]}]},{"@type":"BreadcrumbList","@id":"https:\/\/www.acquadimontevecchia.com\/en\/cookie-policy\/#breadcrumb","itemListElement":[{"@type":"ListItem","position":1,"name":"Home","item":"https:\/\/www.acquadimontevecchia.com\/en\/"},{"@type":"ListItem","position":2,"name":"Cookie policy"}]},{"@type":"WebSite","@id":"https:\/\/www.acquadimontevecchia.com\/en\/#website","url":"https:\/\/www.acquadimontevecchia.com\/en\/","name":"Acqua di Montevecchia","description":"La nostra storia raccontata dai nostri prodotti per te","publisher":{"@id":"https:\/\/www.acquadimontevecchia.com\/en\/#organization"},"potentialAction":[{"@type":"SearchAction","target":{"@type":"EntryPoint","urlTemplate":"https:\/\/www.acquadimontevecchia.com\/en\/?s={search_term_string}"},"query-input":"required name=search_term_string"}],"inLanguage":"en-US"},{"@type":"Organization","@id":"https:\/\/www.acquadimontevecchia.com\/en\/#organization","name":"Trasforma S.r.L","url":"https:\/\/www.acquadimontevecchia.com\/en\/","logo":{"@type":"ImageObject","inLanguage":"en-US","@id":"https:\/\/www.acquadimontevecchia.com\/en\/#\/schema\/logo\/image\/","url":"https:\/\/www.acquadimontevecchia.com\/media\/logo_ADM_X2.png","contentUrl":"https:\/\/www.acquadimontevecchia.com\/media\/logo_ADM_X2.png","width":272,"height":112,"caption":"Trasforma S.r.L"},"image":{"@id":"https:\/\/www.acquadimontevecchia.com\/en\/#\/schema\/logo\/image\/"}}]}},"_links":{"self":[{"href":"https:\/\/www.acquadimontevecchia.com\/en\/wp-json\/wp\/v2\/pages\/942"}],"collection":[{"href":"https:\/\/www.acquadimontevecchia.com\/en\/wp-json\/wp\/v2\/pages"}],"about":[{"href":"https:\/\/www.acquadimontevecchia.com\/en\/wp-json\/wp\/v2\/types\/page"}],"author":[{"embeddable":true,"href":"https:\/\/www.acquadimontevecchia.com\/en\/wp-json\/wp\/v2\/users\/1"}],"replies":[{"embeddable":true,"href":"https:\/\/www.acquadimontevecchia.com\/en\/wp-json\/wp\/v2\/comments?post=942"}],"version-history":[{"count":0,"href":"https:\/\/www.acquadimontevecchia.com\/en\/wp-json\/wp\/v2\/pages\/942\/revisions"}],"wp:attachment":[{"href":"https:\/\/www.acquadimontevecchia.com\/en\/wp-json\/wp\/v2\/media?parent=942"}],"curies":[{"name":"wp","href":"https:\/\/api.w.org\/{rel}","templated":true}]}}